{"id":3679,"date":"2020-11-19T15:29:21","date_gmt":"2020-11-19T15:29:21","guid":{"rendered":"https:\/\/helloevana.com\/sobre-nosotras\/"},"modified":"2020-11-19T15:29:21","modified_gmt":"2020-11-19T15:29:21","slug":"sobre-nosotras","status":"publish","type":"page","link":"https:\/\/helloevana.com\/en\/sobre-nosotras\/","title":{"rendered":"Sobre nosotras"},"content":{"rendered":"\t\t<div data-elementor-type=\"wp-page\" data-elementor-id=\"3679\" class=\"elementor elementor-3679 elementor-1384\" data-elementor-post-type=\"page\">\n\t\t\t\t\t\t\t\t\t<section class=\"elementor-section elementor-top-section elementor-element elementor-element-eed8e77 rey-section-stretched elementor-section-height-min-height elementor-section-items-bottom rey-section-bg--classic elementor-section-boxed elementor-section-height-default\" data-id=\"eed8e77\" data-element_type=\"section\" data-settings=\"{&quot;background_background&quot;:&quot;classic&quot;}\">\n\t\t\t\t\t\t<div class=\"elementor-container elementor-column-gap-default\">\n\t\t\t\t\t<div class=\"elementor-column elementor-col-100 elementor-top-column elementor-element elementor-element-2a4eef0\" data-id=\"2a4eef0\" data-element_type=\"column\">\n\t\t\t<div class=\"elementor-column-wrap--2a4eef0 elementor-widget-wrap elementor-element-populated\">\n\t\t\t\t\t\t\t\t<div class=\"elementor-element elementor-element-1ba7adb el-mark--out elementor-widget elementor-widget-heading\" data-id=\"1ba7adb\" data-element_type=\"widget\" data-widget_type=\"heading.default\">\n\t\t\t\t<div class=\"elementor-widget-container\">\n\t\t\t<style>\/*! elementor - v3.18.0 - 20-12-2023 *\/\n.elementor-heading-title{padding:0;margin:0;line-height:1}.elementor-widget-heading .elementor-heading-title[class*=elementor-size-]>a{color:inherit;font-size:inherit;line-height:inherit}.elementor-widget-heading .elementor-heading-title.elementor-size-small{font-size:15px}.elementor-widget-heading .elementor-heading-title.elementor-size-medium{font-size:19px}.elementor-widget-heading .elementor-heading-title.elementor-size-large{font-size:29px}.elementor-widget-heading .elementor-heading-title.elementor-size-xl{font-size:39px}.elementor-widget-heading .elementor-heading-title.elementor-size-xxl{font-size:59px}<\/style><h2 class=\"elementor-heading-title elementor-size-default\">Sobre nosotras<\/h2>\t\t<\/div>\n\t\t\t\t<\/div>\n\t\t\t\t<div class=\"elementor-element elementor-element-488ff15 elementor-widget elementor-widget-reycore-scroll-decorations\" data-id=\"488ff15\" data-element_type=\"widget\" data-widget_type=\"reycore-scroll-decorations.default\">\n\t\t\t\t<div class=\"elementor-widget-container\">\n\t\t\t\t\t<a href=\"#\" class=\"rey-scrollDeco rey-scrollDeco--default\" data-target=\"next\" data-lazy-hidden>\n\t\t\n\t\t\n\t\t<span class=\"rey-scrollDeco-line\"><\/span>\n\n\t\t<\/a>\t\t<\/div>\n\t\t\t\t<\/div>\n\t\t\t\t\t<\/div>\n\t\t<\/div>\n\t\t\t\t\t\t\t<\/div>\n\t\t<\/section>\n\t\t\t\t<section class=\"elementor-section elementor-top-section elementor-element elementor-element-2d428de elementor-section-boxed elementor-section-height-default elementor-section-height-default\" data-id=\"2d428de\" data-element_type=\"section\">\n\t\t\t\t\t\t<div class=\"elementor-container elementor-column-gap-default\">\n\t\t\t\t\t<div class=\"elementor-column elementor-col-100 elementor-top-column elementor-element elementor-element-4e41d36\" data-id=\"4e41d36\" data-element_type=\"column\">\n\t\t\t<div class=\"elementor-column-wrap--4e41d36 elementor-widget-wrap elementor-element-populated\">\n\t\t\t\t\t\t\t\t<div class=\"elementor-element elementor-element-029c20c elementor-widget elementor-widget-heading\" data-id=\"029c20c\" data-element_type=\"widget\" data-widget_type=\"heading.default\">\n\t\t\t\t<div class=\"elementor-widget-container\">\n\t\t\t<h3 class=\"elementor-heading-title elementor-size-xl\">Con\u00f3cenos<\/h3>\t\t<\/div>\n\t\t\t\t<\/div>\n\t\t\t\t<div class=\"elementor-element elementor-element-491c940 elementor-widget elementor-widget-text-editor\" data-id=\"491c940\" data-element_type=\"widget\" data-widget_type=\"text-editor.default\">\n\t\t\t\t<div class=\"elementor-widget-container\">\n\t\t\t<style>\/*! elementor - v3.18.0 - 20-12-2023 *\/\n.elementor-widget-text-editor.elementor-drop-cap-view-stacked .elementor-drop-cap{background-color:#69727d;color:#fff}.elementor-widget-text-editor.elementor-drop-cap-view-framed .elementor-drop-cap{color:#69727d;border:3px solid;background-color:transparent}.elementor-widget-text-editor:not(.elementor-drop-cap-view-default) .elementor-drop-cap{margin-top:8px}.elementor-widget-text-editor:not(.elementor-drop-cap-view-default) .elementor-drop-cap-letter{width:1em;height:1em}.elementor-widget-text-editor .elementor-drop-cap{float:left;text-align:center;line-height:1;font-size:50px}.elementor-widget-text-editor .elementor-drop-cap-letter{display:inline-block}<\/style>\t\t\t\t<p>EVANA es un proyecto que nace en julio de 2021 de la mano de dos hermanas Eva y Ana Reina. Esta marca es fruto de las ganas de emprender en un actividad creativa, apasionante, ilusionante y sobre todo, una actividad con alma:<\/p><p><em>\u201cLa globalizacio\u0301n, la presencia de la tecnologi\u0301a y la digitalizacio\u0301n como modo de vida, ha trai\u0301do una serie de innumerables ventajas en la sociedad actual. A nivel laboral, destacan claramente la agilizacio\u0301n y rapidez en los procesos de produccio\u0301n, la presencia mundial sin necesidad de desplazamientos y la visio\u0301n de los negocios ma\u0301s alla\u0301 del emplazamiento fi\u0301sico.<\/em><\/p><p><br \/><em>Tras este cambio de paradigma, son muchas los trabajos que se han visto afectados y muchas profesiones tradicionales han quedado al margen de una realidad cada vez m\u00e1s monitorizada y virtual. <\/em><\/p><p><em>Desde EVANA, queremos rescatar el valor de una profesio\u0301n tradicional, la costura, para que esta se fusione con la realidad digital que vivimos pero que siempre mantenga su esencia tradicional: Porque, para nosotras, el trabajo bien hecho debe ir i\u0301ntimamente ligado a los sentimientos con los que es realizado. <\/em><\/p><p><em>Porque, para nosotras, no hay nada que sustituya la pasio\u0301n con la que un artesano hace realidad su producto son\u0303ado\u201d<\/em><\/p>\t\t\t\t\t\t<\/div>\n\t\t\t\t<\/div>\n\t\t\t\t<div class=\"elementor-element elementor-element-f786196 elementor-widget elementor-widget-image\" data-id=\"f786196\" data-element_type=\"widget\" data-widget_type=\"image.default\">\n\t\t\t\t<div class=\"elementor-widget-container\">\n\t\t\t<style>\/*! elementor - v3.18.0 - 20-12-2023 *\/\n.elementor-widget-image{text-align:center}.elementor-widget-image a{display:inline-block}.elementor-widget-image a img[src$=\".svg\"]{width:48px}.elementor-widget-image img{vertical-align:middle;display:inline-block}<\/style>\t\t\t\t\t\t\t\t\t\t\t\t<img fetchpriority=\"high\" decoding=\"async\" width=\"2140\" height=\"925\" src=\"https:\/\/helloevana.com\/wp-content\/uploads\/2023\/01\/LOGO_01_V1.png\" class=\"attachment-full size-full wp-image-2237\" alt=\"\" srcset=\"https:\/\/helloevana.com\/wp-content\/uploads\/2023\/01\/LOGO_01_V1.png 2140w, https:\/\/helloevana.com\/wp-content\/uploads\/2023\/01\/LOGO_01_V1-800x346.png 800w, https:\/\/helloevana.com\/wp-content\/uploads\/2023\/01\/LOGO_01_V1-300x130.png 300w, https:\/\/helloevana.com\/wp-content\/uploads\/2023\/01\/LOGO_01_V1-1024x443.png 1024w, https:\/\/helloevana.com\/wp-content\/uploads\/2023\/01\/LOGO_01_V1-768x332.png 768w, https:\/\/helloevana.com\/wp-content\/uploads\/2023\/01\/LOGO_01_V1-1536x664.png 1536w, https:\/\/helloevana.com\/wp-content\/uploads\/2023\/01\/LOGO_01_V1-2048x885.png 2048w\" sizes=\"(max-width: 2140px) 100vw, 2140px\" \/>\t\t\t\t\t\t\t\t\t\t\t\t\t\t\t<\/div>\n\t\t\t\t<\/div>\n\t\t\t\t\t<\/div>\n\t\t<\/div>\n\t\t\t\t\t\t\t<\/div>\n\t\t<\/section>\n\t\t\t\t<section class=\"elementor-section elementor-top-section elementor-element elementor-element-e3730a9 elementor-section-boxed elementor-section-height-default elementor-section-height-default\" data-id=\"e3730a9\" data-element_type=\"section\">\n\t\t\t\t\t\t<div class=\"elementor-container elementor-column-gap-no\">\n\t\t\t\t\t<div class=\"elementor-column elementor-col-50 elementor-top-column elementor-element elementor-element-8907dae rey-colbg--classic\" data-id=\"8907dae\" data-element_type=\"column\" data-settings=\"{&quot;background_background&quot;:&quot;classic&quot;}\">\n\t\t\t<div class=\"elementor-column-wrap--8907dae elementor-widget-wrap elementor-element-populated\">\n\t\t\t\t\t\t\t\t<div class=\"elementor-element elementor-element-b451dd6 elementor-widget elementor-widget-heading\" data-id=\"b451dd6\" data-element_type=\"widget\" data-widget_type=\"heading.default\">\n\t\t\t\t<div class=\"elementor-widget-container\">\n\t\t\t<h2 class=\"elementor-heading-title elementor-size-default\">Sostenibilidad<\/h2>\t\t<\/div>\n\t\t\t\t<\/div>\n\t\t\t\t<div class=\"elementor-element elementor-element-d827f08 elementor-widget elementor-widget-text-editor\" data-id=\"d827f08\" data-element_type=\"widget\" data-widget_type=\"text-editor.default\">\n\t\t\t\t<div class=\"elementor-widget-container\">\n\t\t\t\t\t\t\t<p>Evana utiliza como materia prima lycra de polie\u0301ster reciclado en todas sus prendas de ban\u0303o, lycra con un gramaje de 230 gr\/m2 fabricada con hilo de polie\u0301ster reciclado certificado por el Esta\u0301ndar Global de Reciclaje (GRS por sus siglas en ingle\u0301s). Igualmente cuenta con el certificado OEKO-Tex (Standard 100).<\/p><p>La tecnologi\u0301a empleada para la personalizacio\u0301n de las telas es la sublimacio\u0301n textil, realizada con tintas base a agua, siendo esta tecnologi\u0301a la ma\u0301s respetuosa con el medio ambiente que existe en la actualidad.<\/p><p>La combinacio\u0301n de un tejido reciclado junto con un proceso de estampaci\u00f3n cuyos residuos son mi\u0301nimos e igualmente reciclables al 100%, conjugan a la perfeccio\u0301n para obtener un producto sostenible. Caracteri\u0301sticas de la tela:<\/p><ul><li>75% Polie\u0301ster, 25% Elastano<\/li><li>Ela\u0301stica<\/li><li>Resistente al color<\/li><li>Proteccio\u0301n UV Muy Alta 50+<\/li><\/ul><p>Tanto la adquisicio\u0301n como la sublimacio\u0301n de la tela se realiza con empresas espan\u0303olas.<\/p><p><strong>El proceso de fabricacio\u0301n de los productos de la marca se realiza al 100% en Tenerife.<\/strong><\/p>\t\t\t\t\t\t<\/div>\n\t\t\t\t<\/div>\n\t\t\t\t\t<\/div>\n\t\t<\/div>\n\t\t\t\t<div class=\"elementor-column elementor-col-50 elementor-top-column elementor-element elementor-element-4a1ba44 rey-colbg--classic\" data-id=\"4a1ba44\" data-element_type=\"column\" data-settings=\"{&quot;background_background&quot;:&quot;classic&quot;}\">\n\t\t\t<div class=\"elementor-column-wrap--4a1ba44 elementor-widget-wrap elementor-element-populated\">\n\t\t\t\t\t\t\t\t<div class=\"elementor-element elementor-element-0f3cfc5 elementor-widget elementor-widget-image\" data-id=\"0f3cfc5\" data-element_type=\"widget\" data-widget_type=\"image.default\">\n\t\t\t\t<div class=\"elementor-widget-container\">\n\t\t\t\t\t\t\t\t\t\t\t\t\t\t\t<img decoding=\"async\" width=\"1024\" height=\"972\" src=\"https:\/\/helloevana.com\/wp-content\/uploads\/2023\/02\/Bikini_Hello_Evana_03_03_V1-1024x972.jpg\" class=\"attachment-large size-large wp-image-2316\" alt=\"\" srcset=\"https:\/\/helloevana.com\/wp-content\/uploads\/2023\/02\/Bikini_Hello_Evana_03_03_V1-1024x972.jpg 1024w, https:\/\/helloevana.com\/wp-content\/uploads\/2023\/02\/Bikini_Hello_Evana_03_03_V1-300x285.jpg 300w, https:\/\/helloevana.com\/wp-content\/uploads\/2023\/02\/Bikini_Hello_Evana_03_03_V1-768x729.jpg 768w, https:\/\/helloevana.com\/wp-content\/uploads\/2023\/02\/Bikini_Hello_Evana_03_03_V1-800x759.jpg 800w, https:\/\/helloevana.com\/wp-content\/uploads\/2023\/02\/Bikini_Hello_Evana_03_03_V1.jpg 1280w\" sizes=\"(max-width: 1024px) 100vw, 1024px\" \/>\t\t\t\t\t\t\t\t\t\t\t\t\t\t\t<\/div>\n\t\t\t\t<\/div>\n\t\t\t\t\t<\/div>\n\t\t<\/div>\n\t\t\t\t\t\t\t<\/div>\n\t\t<\/section>\n\t\t\t\t<section class=\"elementor-section elementor-top-section elementor-element elementor-element-ae3cbf3 elementor-section-boxed elementor-section-height-default elementor-section-height-default\" data-id=\"ae3cbf3\" data-element_type=\"section\">\n\t\t\t\t\t\t<div class=\"elementor-container elementor-column-gap-no\">\n\t\t\t\t\t<div class=\"elementor-column elementor-col-50 elementor-top-column elementor-element elementor-element-512153c rey-colbg--classic\" data-id=\"512153c\" data-element_type=\"column\" data-settings=\"{&quot;background_background&quot;:&quot;classic&quot;}\">\n\t\t\t<div class=\"elementor-column-wrap--512153c elementor-widget-wrap elementor-element-populated\">\n\t\t\t\t\t\t\t\t<div class=\"elementor-element elementor-element-bd78ef1 elementor-widget elementor-widget-image\" data-id=\"bd78ef1\" data-element_type=\"widget\" data-widget_type=\"image.default\">\n\t\t\t\t<div class=\"elementor-widget-container\">\n\t\t\t\t\t\t\t\t\t\t\t\t\t\t\t<img decoding=\"async\" width=\"1280\" height=\"1215\" src=\"https:\/\/helloevana.com\/wp-content\/uploads\/2023\/02\/Bikini_Hello_Evana_05_06_V1.jpg\" class=\"attachment-full size-full wp-image-2326\" alt=\"\" srcset=\"https:\/\/helloevana.com\/wp-content\/uploads\/2023\/02\/Bikini_Hello_Evana_05_06_V1.jpg 1280w, https:\/\/helloevana.com\/wp-content\/uploads\/2023\/02\/Bikini_Hello_Evana_05_06_V1-300x285.jpg 300w, https:\/\/helloevana.com\/wp-content\/uploads\/2023\/02\/Bikini_Hello_Evana_05_06_V1-1024x972.jpg 1024w, https:\/\/helloevana.com\/wp-content\/uploads\/2023\/02\/Bikini_Hello_Evana_05_06_V1-768x729.jpg 768w, https:\/\/helloevana.com\/wp-content\/uploads\/2023\/02\/Bikini_Hello_Evana_05_06_V1-800x759.jpg 800w\" sizes=\"(max-width: 1280px) 100vw, 1280px\" \/>\t\t\t\t\t\t\t\t\t\t\t\t\t\t\t<\/div>\n\t\t\t\t<\/div>\n\t\t\t\t\t<\/div>\n\t\t<\/div>\n\t\t\t\t<div class=\"elementor-column elementor-col-50 elementor-top-column elementor-element elementor-element-e0fab34 rey-colbg--classic\" data-id=\"e0fab34\" data-element_type=\"column\" data-settings=\"{&quot;background_background&quot;:&quot;classic&quot;}\">\n\t\t\t<div class=\"elementor-column-wrap--e0fab34 elementor-widget-wrap elementor-element-populated\">\n\t\t\t\t\t\t\t\t<div class=\"elementor-element elementor-element-d4cecf3 elementor-widget elementor-widget-heading\" data-id=\"d4cecf3\" data-element_type=\"widget\" data-widget_type=\"heading.default\">\n\t\t\t\t<div class=\"elementor-widget-container\">\n\t\t\t<h2 class=\"elementor-heading-title elementor-size-default\">Inspiraci\u00f3n para nuestras colecciones<\/h2>\t\t<\/div>\n\t\t\t\t<\/div>\n\t\t\t\t<div class=\"elementor-element elementor-element-65cc2ea elementor-widget elementor-widget-text-editor\" data-id=\"65cc2ea\" data-element_type=\"widget\" data-widget_type=\"text-editor.default\">\n\t\t\t\t<div class=\"elementor-widget-container\">\n\t\t\t\t\t\t\t<p>Nuestra colecci\u00f3n 2023 lleva el nombre de SAWABONA. Palabra que<br \/>proviene del \u00c1frica del sur, significa <em>\u201cYo te respeto, yo te valoro, eres<\/em><br \/><em>importante para m\u00ed\u201d<\/em>.<\/p><p>Sawabona es un saludo t\u00edpico en las tribus del sur de \u00c1frica que se<br \/>desprende de la creencia de que todos los seres humanos son buenos por<br \/>naturaleza. Cuando alguien en estas tribus, hace algo malo o perjudicial<br \/>para el resto, lo llevan al centro de la aldea y todos los miembros de la<br \/>comunidad deben saludarlo con la palabra <em>\u201csawabona\u201d<\/em>. La tribu interpreta los errores humanos como un grito de socorro. Por ello, todos se unen para reconectarlo con quien es realmente y record\u00e1ndole lo importante que es para todos los miembros de la tribu.<\/p><p>Desde Evana, hemos querido rescatar el comportamiento de estas tribus<br \/>como muestra de la importancia de educar en el valor del respeto y la empat\u00eda. Por ello, los modelos de nuestra colecci\u00f3n 2023 est\u00e1n inspirados en peculiaridades de las tribus que poseen esta filosof\u00eda.<\/p><p>Bosquimanos, Turaeg o Bayaka son algunas de las tribus que han servido<br \/>de inspiraci\u00f3n para la elecci\u00f3n de los estampados de la temporada 2023, siempre respetando al dulzura y delicadeza de los estampados de la<br \/>marca.<\/p>\t\t\t\t\t\t<\/div>\n\t\t\t\t<\/div>\n\t\t\t\t\t<\/div>\n\t\t<\/div>\n\t\t\t\t\t\t\t<\/div>\n\t\t<\/section>\n\t\t\t\t\t\t\t<\/div>\n\t\t","protected":false},"excerpt":{"rendered":"<p>Sobre nosotras Con\u00f3cenos EVANA es un proyecto que nace en julio de 2021 de la mano de dos hermanas Eva y Ana Reina. Esta marca es fruto de las ganas de emprender en un actividad creativa, apasionante, ilusionante y sobre todo, una actividad con alma: \u201cLa globalizacio\u0301n, la presencia de la tecnologi\u0301a y la digitalizacio\u0301n [&hellip;]<\/p>\n","protected":false},"author":3,"featured_media":0,"parent":0,"menu_order":0,"comment_status":"closed","ping_status":"closed","template":"template-builder.php","meta":{"footnotes":""},"acf":[],"yoast_head":"<!-- This site is optimized with the Yoast SEO plugin v22.7 - https:\/\/yoast.com\/wordpress\/plugins\/seo\/ -->\n<title>Sobre nosotras - HelloEvana<\/title>\n<meta name=\"robots\" content=\"index, follow, max-snippet:-1, max-image-preview:large, max-video-preview:-1\" \/>\n<link rel=\"canonical\" href=\"https:\/\/helloevana.com\/en\/sobre-nosotras\/\" \/>\n<meta property=\"og:locale\" content=\"en_US\" \/>\n<meta property=\"og:type\" content=\"article\" \/>\n<meta property=\"og:title\" content=\"Sobre nosotras - HelloEvana\" \/>\n<meta property=\"og:description\" content=\"Sobre nosotras Con\u00f3cenos EVANA es un proyecto que nace en julio de 2021 de la mano de dos hermanas Eva y Ana Reina. Esta marca es fruto de las ganas de emprender en un actividad creativa, apasionante, ilusionante y sobre todo, una actividad con alma: \u201cLa globalizacio\u0301n, la presencia de la tecnologi\u0301a y la digitalizacio\u0301n [&hellip;]\" \/>\n<meta property=\"og:url\" content=\"https:\/\/helloevana.com\/en\/sobre-nosotras\/\" \/>\n<meta property=\"og:site_name\" content=\"HelloEvana\" \/>\n<meta property=\"og:image\" content=\"https:\/\/helloevana.com\/wp-content\/uploads\/2023\/01\/LOGO_01_V1.png\" \/>\n<meta name=\"twitter:card\" content=\"summary_large_image\" \/>\n<meta name=\"twitter:label1\" content=\"Est. reading time\" \/>\n\t<meta name=\"twitter:data1\" content=\"3 minutes\" \/>\n<script type=\"application\/ld+json\" class=\"yoast-schema-graph\">{\"@context\":\"https:\/\/schema.org\",\"@graph\":[{\"@type\":\"WebPage\",\"@id\":\"https:\/\/helloevana.com\/en\/sobre-nosotras\/\",\"url\":\"https:\/\/helloevana.com\/en\/sobre-nosotras\/\",\"name\":\"Sobre nosotras - HelloEvana\",\"isPartOf\":{\"@id\":\"https:\/\/helloevana.com\/#website\"},\"primaryImageOfPage\":{\"@id\":\"https:\/\/helloevana.com\/en\/sobre-nosotras\/#primaryimage\"},\"image\":{\"@id\":\"https:\/\/helloevana.com\/en\/sobre-nosotras\/#primaryimage\"},\"thumbnailUrl\":\"https:\/\/helloevana.com\/wp-content\/uploads\/2023\/01\/LOGO_01_V1.png\",\"datePublished\":\"2020-11-19T15:29:21+00:00\",\"dateModified\":\"2020-11-19T15:29:21+00:00\",\"breadcrumb\":{\"@id\":\"https:\/\/helloevana.com\/en\/sobre-nosotras\/#breadcrumb\"},\"inLanguage\":\"en-US\",\"potentialAction\":[{\"@type\":\"ReadAction\",\"target\":[\"https:\/\/helloevana.com\/en\/sobre-nosotras\/\"]}]},{\"@type\":\"ImageObject\",\"inLanguage\":\"en-US\",\"@id\":\"https:\/\/helloevana.com\/en\/sobre-nosotras\/#primaryimage\",\"url\":\"https:\/\/helloevana.com\/wp-content\/uploads\/2023\/01\/LOGO_01_V1.png\",\"contentUrl\":\"https:\/\/helloevana.com\/wp-content\/uploads\/2023\/01\/LOGO_01_V1.png\"},{\"@type\":\"BreadcrumbList\",\"@id\":\"https:\/\/helloevana.com\/en\/sobre-nosotras\/#breadcrumb\",\"itemListElement\":[{\"@type\":\"ListItem\",\"position\":1,\"name\":\"Portada\",\"item\":\"https:\/\/helloevana.com\/en\/\"},{\"@type\":\"ListItem\",\"position\":2,\"name\":\"Sobre nosotras\"}]},{\"@type\":\"WebSite\",\"@id\":\"https:\/\/helloevana.com\/#website\",\"url\":\"https:\/\/helloevana.com\/\",\"name\":\"HelloEvana\",\"description\":\"\",\"publisher\":{\"@id\":\"https:\/\/helloevana.com\/#organization\"},\"potentialAction\":[{\"@type\":\"SearchAction\",\"target\":{\"@type\":\"EntryPoint\",\"urlTemplate\":\"https:\/\/helloevana.com\/?s={search_term_string}\"},\"query-input\":\"required name=search_term_string\"}],\"inLanguage\":\"en-US\"},{\"@type\":\"Organization\",\"@id\":\"https:\/\/helloevana.com\/#organization\",\"name\":\"HelloEvana\",\"url\":\"https:\/\/helloevana.com\/\",\"logo\":{\"@type\":\"ImageObject\",\"inLanguage\":\"en-US\",\"@id\":\"https:\/\/helloevana.com\/#\/schema\/logo\/image\/\",\"url\":\"https:\/\/helloevana.com\/wp-content\/uploads\/2023\/01\/LOGO_01_V1.png\",\"contentUrl\":\"https:\/\/helloevana.com\/wp-content\/uploads\/2023\/01\/LOGO_01_V1.png\",\"width\":2140,\"height\":925,\"caption\":\"HelloEvana\"},\"image\":{\"@id\":\"https:\/\/helloevana.com\/#\/schema\/logo\/image\/\"}}]}<\/script>\n<!-- \/ Yoast SEO plugin. -->","yoast_head_json":{"title":"Sobre nosotras - HelloEvana","robots":{"index":"index","follow":"follow","max-snippet":"max-snippet:-1","max-image-preview":"max-image-preview:large","max-video-preview":"max-video-preview:-1"},"canonical":"https:\/\/helloevana.com\/en\/sobre-nosotras\/","og_locale":"en_US","og_type":"article","og_title":"Sobre nosotras - HelloEvana","og_description":"Sobre nosotras Con\u00f3cenos EVANA es un proyecto que nace en julio de 2021 de la mano de dos hermanas Eva y Ana Reina. Esta marca es fruto de las ganas de emprender en un actividad creativa, apasionante, ilusionante y sobre todo, una actividad con alma: \u201cLa globalizacio\u0301n, la presencia de la tecnologi\u0301a y la digitalizacio\u0301n [&hellip;]","og_url":"https:\/\/helloevana.com\/en\/sobre-nosotras\/","og_site_name":"HelloEvana","og_image":[{"url":"https:\/\/helloevana.com\/wp-content\/uploads\/2023\/01\/LOGO_01_V1.png"}],"twitter_card":"summary_large_image","twitter_misc":{"Est. reading time":"3 minutes"},"schema":{"@context":"https:\/\/schema.org","@graph":[{"@type":"WebPage","@id":"https:\/\/helloevana.com\/en\/sobre-nosotras\/","url":"https:\/\/helloevana.com\/en\/sobre-nosotras\/","name":"Sobre nosotras - HelloEvana","isPartOf":{"@id":"https:\/\/helloevana.com\/#website"},"primaryImageOfPage":{"@id":"https:\/\/helloevana.com\/en\/sobre-nosotras\/#primaryimage"},"image":{"@id":"https:\/\/helloevana.com\/en\/sobre-nosotras\/#primaryimage"},"thumbnailUrl":"https:\/\/helloevana.com\/wp-content\/uploads\/2023\/01\/LOGO_01_V1.png","datePublished":"2020-11-19T15:29:21+00:00","dateModified":"2020-11-19T15:29:21+00:00","breadcrumb":{"@id":"https:\/\/helloevana.com\/en\/sobre-nosotras\/#breadcrumb"},"inLanguage":"en-US","potentialAction":[{"@type":"ReadAction","target":["https:\/\/helloevana.com\/en\/sobre-nosotras\/"]}]},{"@type":"ImageObject","inLanguage":"en-US","@id":"https:\/\/helloevana.com\/en\/sobre-nosotras\/#primaryimage","url":"https:\/\/helloevana.com\/wp-content\/uploads\/2023\/01\/LOGO_01_V1.png","contentUrl":"https:\/\/helloevana.com\/wp-content\/uploads\/2023\/01\/LOGO_01_V1.png"},{"@type":"BreadcrumbList","@id":"https:\/\/helloevana.com\/en\/sobre-nosotras\/#breadcrumb","itemListElement":[{"@type":"ListItem","position":1,"name":"Portada","item":"https:\/\/helloevana.com\/en\/"},{"@type":"ListItem","position":2,"name":"Sobre nosotras"}]},{"@type":"WebSite","@id":"https:\/\/helloevana.com\/#website","url":"https:\/\/helloevana.com\/","name":"HelloEvana","description":"","publisher":{"@id":"https:\/\/helloevana.com\/#organization"},"potentialAction":[{"@type":"SearchAction","target":{"@type":"EntryPoint","urlTemplate":"https:\/\/helloevana.com\/?s={search_term_string}"},"query-input":"required name=search_term_string"}],"inLanguage":"en-US"},{"@type":"Organization","@id":"https:\/\/helloevana.com\/#organization","name":"HelloEvana","url":"https:\/\/helloevana.com\/","logo":{"@type":"ImageObject","inLanguage":"en-US","@id":"https:\/\/helloevana.com\/#\/schema\/logo\/image\/","url":"https:\/\/helloevana.com\/wp-content\/uploads\/2023\/01\/LOGO_01_V1.png","contentUrl":"https:\/\/helloevana.com\/wp-content\/uploads\/2023\/01\/LOGO_01_V1.png","width":2140,"height":925,"caption":"HelloEvana"},"image":{"@id":"https:\/\/helloevana.com\/#\/schema\/logo\/image\/"}}]}},"_links":{"self":[{"href":"https:\/\/helloevana.com\/en\/wp-json\/wp\/v2\/pages\/3679"}],"collection":[{"href":"https:\/\/helloevana.com\/en\/wp-json\/wp\/v2\/pages"}],"about":[{"href":"https:\/\/helloevana.com\/en\/wp-json\/wp\/v2\/types\/page"}],"author":[{"embeddable":true,"href":"https:\/\/helloevana.com\/en\/wp-json\/wp\/v2\/users\/3"}],"replies":[{"embeddable":true,"href":"https:\/\/helloevana.com\/en\/wp-json\/wp\/v2\/comments?post=3679"}],"version-history":[{"count":0,"href":"https:\/\/helloevana.com\/en\/wp-json\/wp\/v2\/pages\/3679\/revisions"}],"wp:attachment":[{"href":"https:\/\/helloevana.com\/en\/wp-json\/wp\/v2\/media?parent=3679"}],"curies":[{"name":"wp","href":"https:\/\/api.w.org\/{rel}","templated":true}]}}