{"id":3269,"date":"2023-03-07T12:52:08","date_gmt":"2023-03-07T12:52:08","guid":{"rendered":"https:\/\/helloevana.com\/?post_type=product&#038;p=3269"},"modified":"2023-03-07T13:05:28","modified_gmt":"2023-03-07T13:05:28","slug":"bottom-estampado-de-la-tribu-tuareg","status":"publish","type":"product","link":"https:\/\/helloevana.com\/en\/producto\/bottom-estampado-de-la-tribu-tuareg\/","title":{"rendered":"Bottom estampado de la tribu TUAREG"},"content":{"rendered":"<p><span style=\"color: #e01616;\"><strong>Producto disponible de 7 a 10 d\u00edas.<\/strong><\/span><\/p>\n<ul>\n<li><strong>Bottom reversible:<\/strong> Por un lado estampado tuareg y por otro lado, azul serenity. Con sistema de cortinilla. La parte trasera es brasile\u00f1a. Este estilo de braga es el m\u00e1s estrecho de la colecci\u00f3n (Disponible desde la XS hasta la XXL).<\/li>\n<\/ul>\n","protected":false},"excerpt":{"rendered":"<p><span style=\"color: #e01616;\"><strong>Producto disponible de 7 a 10 d\u00edas.<\/strong><\/span><\/p>\n<p>Por un lado estampado tuareg y por otro lado, azul serenity. Las tiras del bikini son largas para poder colocarlo de distintas formas. Este modelo tiene sistema de cortinilla en el top y bottom para poder estrecharlo o agrandarlo en funci\u00f3n a la preferencia<\/p>\n","protected":false},"featured_media":2335,"comment_status":"open","ping_status":"closed","template":"","meta":[],"product_cat":[84,72,53],"product_tag":[],"acf":[],"yoast_head":"<!-- This site is optimized with the Yoast SEO plugin v22.7 - https:\/\/yoast.com\/wordpress\/plugins\/seo\/ -->\n<title>Bottom estampado de la tribu TUAREG - HelloEvana<\/title>\n<meta name=\"robots\" content=\"index, follow, max-snippet:-1, max-image-preview:large, max-video-preview:-1\" \/>\n<link rel=\"canonical\" href=\"https:\/\/helloevana.com\/producto\/bottom-estampado-de-la-tribu-tuareg\/\" \/>\n<meta property=\"og:locale\" content=\"en_US\" \/>\n<meta property=\"og:type\" content=\"article\" \/>\n<meta property=\"og:title\" content=\"Bottom estampado de la tribu TUAREG - HelloEvana\" \/>\n<meta property=\"og:description\" content=\"Producto disponible de 7 a 10 d\u00edas.  Por un lado estampado tuareg y por otro lado, azul serenity. Las tiras del bikini son largas para poder colocarlo de distintas formas. Este modelo tiene sistema de cortinilla en el top y bottom para poder estrecharlo o agrandarlo en funci\u00f3n a la preferencia\" \/>\n<meta property=\"og:url\" content=\"https:\/\/helloevana.com\/producto\/bottom-estampado-de-la-tribu-tuareg\/\" \/>\n<meta property=\"og:site_name\" content=\"HelloEvana\" \/>\n<meta property=\"article:modified_time\" content=\"2023-03-07T13:05:28+00:00\" \/>\n<meta property=\"og:image\" content=\"https:\/\/helloevana.com\/wp-content\/uploads\/2023\/02\/Conjunto_Hello_Evana_01_05_V1.jpg\" \/>\n\t<meta property=\"og:image:width\" content=\"1280\" \/>\n\t<meta property=\"og:image:height\" content=\"1920\" \/>\n\t<meta property=\"og:image:type\" content=\"image\/jpeg\" \/>\n<meta name=\"twitter:card\" content=\"summary_large_image\" \/>\n<meta name=\"twitter:label1\" content=\"Est. reading time\" \/>\n\t<meta name=\"twitter:data1\" content=\"1 minute\" \/>\n<script type=\"application\/ld+json\" class=\"yoast-schema-graph\">{\"@context\":\"https:\/\/schema.org\",\"@graph\":[{\"@type\":\"WebPage\",\"@id\":\"https:\/\/helloevana.com\/producto\/bottom-estampado-de-la-tribu-tuareg\/\",\"url\":\"https:\/\/helloevana.com\/producto\/bottom-estampado-de-la-tribu-tuareg\/\",\"name\":\"Bottom estampado de la tribu TUAREG - HelloEvana\",\"isPartOf\":{\"@id\":\"https:\/\/helloevana.com\/#website\"},\"primaryImageOfPage\":{\"@id\":\"https:\/\/helloevana.com\/producto\/bottom-estampado-de-la-tribu-tuareg\/#primaryimage\"},\"image\":{\"@id\":\"https:\/\/helloevana.com\/producto\/bottom-estampado-de-la-tribu-tuareg\/#primaryimage\"},\"thumbnailUrl\":\"https:\/\/helloevana.com\/wp-content\/uploads\/2023\/02\/Conjunto_Hello_Evana_01_05_V1.jpg\",\"datePublished\":\"2023-03-07T12:52:08+00:00\",\"dateModified\":\"2023-03-07T13:05:28+00:00\",\"breadcrumb\":{\"@id\":\"https:\/\/helloevana.com\/producto\/bottom-estampado-de-la-tribu-tuareg\/#breadcrumb\"},\"inLanguage\":\"en-US\",\"potentialAction\":[{\"@type\":\"ReadAction\",\"target\":[\"https:\/\/helloevana.com\/producto\/bottom-estampado-de-la-tribu-tuareg\/\"]}]},{\"@type\":\"ImageObject\",\"inLanguage\":\"en-US\",\"@id\":\"https:\/\/helloevana.com\/producto\/bottom-estampado-de-la-tribu-tuareg\/#primaryimage\",\"url\":\"https:\/\/helloevana.com\/wp-content\/uploads\/2023\/02\/Conjunto_Hello_Evana_01_05_V1.jpg\",\"contentUrl\":\"https:\/\/helloevana.com\/wp-content\/uploads\/2023\/02\/Conjunto_Hello_Evana_01_05_V1.jpg\",\"width\":1280,\"height\":1920},{\"@type\":\"BreadcrumbList\",\"@id\":\"https:\/\/helloevana.com\/producto\/bottom-estampado-de-la-tribu-tuareg\/#breadcrumb\",\"itemListElement\":[{\"@type\":\"ListItem\",\"position\":1,\"name\":\"Portada\",\"item\":\"https:\/\/helloevana.com\/en\/\"},{\"@type\":\"ListItem\",\"position\":2,\"name\":\"Tienda\",\"item\":\"https:\/\/helloevana.com\/tienda\/\"},{\"@type\":\"ListItem\",\"position\":3,\"name\":\"Bottom estampado de la tribu TUAREG\"}]},{\"@type\":\"WebSite\",\"@id\":\"https:\/\/helloevana.com\/#website\",\"url\":\"https:\/\/helloevana.com\/\",\"name\":\"HelloEvana\",\"description\":\"\",\"publisher\":{\"@id\":\"https:\/\/helloevana.com\/#organization\"},\"potentialAction\":[{\"@type\":\"SearchAction\",\"target\":{\"@type\":\"EntryPoint\",\"urlTemplate\":\"https:\/\/helloevana.com\/?s={search_term_string}\"},\"query-input\":\"required name=search_term_string\"}],\"inLanguage\":\"en-US\"},{\"@type\":\"Organization\",\"@id\":\"https:\/\/helloevana.com\/#organization\",\"name\":\"HelloEvana\",\"url\":\"https:\/\/helloevana.com\/\",\"logo\":{\"@type\":\"ImageObject\",\"inLanguage\":\"en-US\",\"@id\":\"https:\/\/helloevana.com\/#\/schema\/logo\/image\/\",\"url\":\"https:\/\/helloevana.com\/wp-content\/uploads\/2023\/01\/LOGO_01_V1.png\",\"contentUrl\":\"https:\/\/helloevana.com\/wp-content\/uploads\/2023\/01\/LOGO_01_V1.png\",\"width\":2140,\"height\":925,\"caption\":\"HelloEvana\"},\"image\":{\"@id\":\"https:\/\/helloevana.com\/#\/schema\/logo\/image\/\"}}]}<\/script>\n<!-- \/ Yoast SEO plugin. -->","yoast_head_json":{"title":"Bottom estampado de la tribu TUAREG - HelloEvana","robots":{"index":"index","follow":"follow","max-snippet":"max-snippet:-1","max-image-preview":"max-image-preview:large","max-video-preview":"max-video-preview:-1"},"canonical":"https:\/\/helloevana.com\/producto\/bottom-estampado-de-la-tribu-tuareg\/","og_locale":"en_US","og_type":"article","og_title":"Bottom estampado de la tribu TUAREG - HelloEvana","og_description":"Producto disponible de 7 a 10 d\u00edas.  Por un lado estampado tuareg y por otro lado, azul serenity. Las tiras del bikini son largas para poder colocarlo de distintas formas. Este modelo tiene sistema de cortinilla en el top y bottom para poder estrecharlo o agrandarlo en funci\u00f3n a la preferencia","og_url":"https:\/\/helloevana.com\/producto\/bottom-estampado-de-la-tribu-tuareg\/","og_site_name":"HelloEvana","article_modified_time":"2023-03-07T13:05:28+00:00","og_image":[{"width":1280,"height":1920,"url":"https:\/\/helloevana.com\/wp-content\/uploads\/2023\/02\/Conjunto_Hello_Evana_01_05_V1.jpg","type":"image\/jpeg"}],"twitter_card":"summary_large_image","twitter_misc":{"Est. reading time":"1 minute"},"schema":{"@context":"https:\/\/schema.org","@graph":[{"@type":"WebPage","@id":"https:\/\/helloevana.com\/producto\/bottom-estampado-de-la-tribu-tuareg\/","url":"https:\/\/helloevana.com\/producto\/bottom-estampado-de-la-tribu-tuareg\/","name":"Bottom estampado de la tribu TUAREG - HelloEvana","isPartOf":{"@id":"https:\/\/helloevana.com\/#website"},"primaryImageOfPage":{"@id":"https:\/\/helloevana.com\/producto\/bottom-estampado-de-la-tribu-tuareg\/#primaryimage"},"image":{"@id":"https:\/\/helloevana.com\/producto\/bottom-estampado-de-la-tribu-tuareg\/#primaryimage"},"thumbnailUrl":"https:\/\/helloevana.com\/wp-content\/uploads\/2023\/02\/Conjunto_Hello_Evana_01_05_V1.jpg","datePublished":"2023-03-07T12:52:08+00:00","dateModified":"2023-03-07T13:05:28+00:00","breadcrumb":{"@id":"https:\/\/helloevana.com\/producto\/bottom-estampado-de-la-tribu-tuareg\/#breadcrumb"},"inLanguage":"en-US","potentialAction":[{"@type":"ReadAction","target":["https:\/\/helloevana.com\/producto\/bottom-estampado-de-la-tribu-tuareg\/"]}]},{"@type":"ImageObject","inLanguage":"en-US","@id":"https:\/\/helloevana.com\/producto\/bottom-estampado-de-la-tribu-tuareg\/#primaryimage","url":"https:\/\/helloevana.com\/wp-content\/uploads\/2023\/02\/Conjunto_Hello_Evana_01_05_V1.jpg","contentUrl":"https:\/\/helloevana.com\/wp-content\/uploads\/2023\/02\/Conjunto_Hello_Evana_01_05_V1.jpg","width":1280,"height":1920},{"@type":"BreadcrumbList","@id":"https:\/\/helloevana.com\/producto\/bottom-estampado-de-la-tribu-tuareg\/#breadcrumb","itemListElement":[{"@type":"ListItem","position":1,"name":"Portada","item":"https:\/\/helloevana.com\/en\/"},{"@type":"ListItem","position":2,"name":"Tienda","item":"https:\/\/helloevana.com\/tienda\/"},{"@type":"ListItem","position":3,"name":"Bottom estampado de la tribu TUAREG"}]},{"@type":"WebSite","@id":"https:\/\/helloevana.com\/#website","url":"https:\/\/helloevana.com\/","name":"HelloEvana","description":"","publisher":{"@id":"https:\/\/helloevana.com\/#organization"},"potentialAction":[{"@type":"SearchAction","target":{"@type":"EntryPoint","urlTemplate":"https:\/\/helloevana.com\/?s={search_term_string}"},"query-input":"required name=search_term_string"}],"inLanguage":"en-US"},{"@type":"Organization","@id":"https:\/\/helloevana.com\/#organization","name":"HelloEvana","url":"https:\/\/helloevana.com\/","logo":{"@type":"ImageObject","inLanguage":"en-US","@id":"https:\/\/helloevana.com\/#\/schema\/logo\/image\/","url":"https:\/\/helloevana.com\/wp-content\/uploads\/2023\/01\/LOGO_01_V1.png","contentUrl":"https:\/\/helloevana.com\/wp-content\/uploads\/2023\/01\/LOGO_01_V1.png","width":2140,"height":925,"caption":"HelloEvana"},"image":{"@id":"https:\/\/helloevana.com\/#\/schema\/logo\/image\/"}}]}},"_links":{"self":[{"href":"https:\/\/helloevana.com\/en\/wp-json\/wp\/v2\/product\/3269"}],"collection":[{"href":"https:\/\/helloevana.com\/en\/wp-json\/wp\/v2\/product"}],"about":[{"href":"https:\/\/helloevana.com\/en\/wp-json\/wp\/v2\/types\/product"}],"replies":[{"embeddable":true,"href":"https:\/\/helloevana.com\/en\/wp-json\/wp\/v2\/comments?post=3269"}],"wp:featuredmedia":[{"embeddable":true,"href":"https:\/\/helloevana.com\/en\/wp-json\/wp\/v2\/media\/2335"}],"wp:attachment":[{"href":"https:\/\/helloevana.com\/en\/wp-json\/wp\/v2\/media?parent=3269"}],"wp:term":[{"taxonomy":"product_cat","embeddable":true,"href":"https:\/\/helloevana.com\/en\/wp-json\/wp\/v2\/product_cat?post=3269"},{"taxonomy":"product_tag","embeddable":true,"href":"https:\/\/helloevana.com\/en\/wp-json\/wp\/v2\/product_tag?post=3269"}],"curies":[{"name":"wp","href":"https:\/\/api.w.org\/{rel}","templated":true}]}}